{"id":147,"date":"2018-04-27T14:23:02","date_gmt":"2018-04-27T13:23:02","guid":{"rendered":"http:\/\/www.colmus.org\/es\/?page_id=147"},"modified":"2026-04-12T18:21:26","modified_gmt":"2026-04-12T17:21:26","slug":"ayudas","status":"publish","type":"page","link":"https:\/\/www.colmus.org\/es\/ayudas\/","title":{"rendered":"Ayudas"},"content":{"rendered":"[vc_row][vc_column][vc_column_text]\n<h3>Collegium Musicum est\u00e1 muy agradecido al Fundaci\u00f3n Yusuf y farida Hamied por su generoso apoyo, a Lifestyles of Gibraltar, por su patrocinio de los conciertos, as\u00ed como a nuestros maravillosos patrocinadores y amigos.<\/h3>\n[\/vc_column_text][vc_column_text]\n<h3>Muchas Gracias a:<\/h3>\n<h4 style=\"text-align: justify;\"><strong>Don Hrand Dolukhanian, Do\u00f1a Almuth Jende, Do\u00f1a Karen Ibisch, Do\u00f1a Renate Ibisch, Don Herbert Kracht, Sres Neumaier, Do\u00f1a Kirstine Pedersen<\/strong><\/h4>\n[\/vc_column_text][\/vc_column][\/vc_row][vc_row][vc_column width=\u00bb1\/2&#8243;][vc_single_image image=\u00bb1048&#8243; img_size=\u00bbmedium\u00bb alignment=\u00bbcenter\u00bb][\/vc_column][vc_column width=\u00bb1\/2&#8243;][vc_single_image image=\u00bb1252&#8243; img_size=\u00bbmedium\u00bb alignment=\u00bbcenter\u00bb][\/vc_column][\/vc_row][vc_row][vc_column width=\u00bb1\/2&#8243;][vc_column_text]\n<h3><strong>COLABORE CON NUESTROS CONCIERTOS<\/strong><\/h3>\n<p>No se nos permite vender entradas para nuestros conciertos en las iglesias, as\u00ed que tenemos que buscar ayuda de dentro de la comunidad de la costa del sol para seguir prosperando y proporcionar esta oportunidad \u00fanica para los amantes de la m\u00fasica a realizar o asistir a actuaciones de m\u00fasica selecta de un alto nivel en esta \u00e1rea.<\/p>\n<p>Al convertirse en <a href=\"http:\/\/www.colmus.org\/support-us\/#become-a-friend\" target=\"_blank\" rel=\"noopener noreferrer\">AMIGO<\/a> puede apoyar nuestros futuros conciertos.[\/vc_column_text][\/vc_column][vc_column width=\u00bb1\/2&#8243;][vc_column_text]\n<h3><strong>SIN FINES DE LUCRO<\/strong><\/h3>\n<p>Collegium Musicum es una asociaci\u00f3n sin fines de lucro. Nuestros miembros pagan una suscripci\u00f3n anual y tambi\u00e9n tenemos un n\u00famero de mecenas privados que nos han permitido sobrevivir hasta el momento.<\/p>\n<p style=\"text-align: left;\">El enorme costo de poner en escena nuestros conciertos no se podr\u00eda financiar sin tal ayuda y les estamos profundamente agradecidos por su amistad y apoyo.[\/vc_column_text][\/vc_column][\/vc_row][vc_row][vc_column][vc_column_text]\n[\/vc_column_text][\/vc_column][\/vc_row]\n","protected":false},"excerpt":{"rendered":"<p>[vc_row][vc_column][vc_column_text] Collegium Musicum est\u00e1 muy agradecido al Fundaci\u00f3n Yusuf y farida Hamied por su generoso apoyo, a Lifestyles of Gibraltar, por su patrocinio de los conciertos, as\u00ed como a nuestros maravillosos patrocinadores y amigos. [\/vc_column_text][vc_column_text] Muchas Gracias a: Don Hrand Dolukhanian, Do\u00f1a Almuth Jende, Do\u00f1a Karen Ibisch, Do\u00f1a Renate Ibisch, Don Herbert Kracht, Sres Neumaier,..<\/p>\n","protected":false},"author":1,"featured_media":1259,"parent":0,"menu_order":22,"comment_status":"closed","ping_status":"closed","template":"","meta":{"_acf_changed":false,"footnotes":""},"class_list":["post-147","page","type-page","status-publish","has-post-thumbnail","hentry"],"acf":[],"_links":{"self":[{"href":"https:\/\/www.colmus.org\/es\/wp-json\/wp\/v2\/pages\/147","targetHints":{"allow":["GET"]}}],"collection":[{"href":"https:\/\/www.colmus.org\/es\/wp-json\/wp\/v2\/pages"}],"about":[{"href":"https:\/\/www.colmus.org\/es\/wp-json\/wp\/v2\/types\/page"}],"author":[{"embeddable":true,"href":"https:\/\/www.colmus.org\/es\/wp-json\/wp\/v2\/users\/1"}],"replies":[{"embeddable":true,"href":"https:\/\/www.colmus.org\/es\/wp-json\/wp\/v2\/comments?post=147"}],"version-history":[{"count":69,"href":"https:\/\/www.colmus.org\/es\/wp-json\/wp\/v2\/pages\/147\/revisions"}],"predecessor-version":[{"id":1254,"href":"https:\/\/www.colmus.org\/es\/wp-json\/wp\/v2\/pages\/147\/revisions\/1254"}],"wp:featuredmedia":[{"embeddable":true,"href":"https:\/\/www.colmus.org\/es\/wp-json\/wp\/v2\/media\/1259"}],"wp:attachment":[{"href":"https:\/\/www.colmus.org\/es\/wp-json\/wp\/v2\/media?parent=147"}],"curies":[{"name":"wp","href":"https:\/\/api.w.org\/{rel}","templated":true}]}}