{"id":2,"date":"2017-12-05T21:26:13","date_gmt":"2017-12-05T21:26:13","guid":{"rendered":"http:\/\/www.colmus.org\/es\/?page_id=2"},"modified":"2024-08-07T11:50:09","modified_gmt":"2024-08-07T10:50:09","slug":"inicio","status":"publish","type":"page","link":"https:\/\/www.colmus.org\/es\/","title":{"rendered":"Inicio"},"content":{"rendered":"[vc_row css=\u00bb.vc_custom_1636211201442{border-bottom-width: 0px !important;}\u00bb][vc_column width=\u00bb1\/2&#8243; el_class=\u00bbisland\u00bb][vc_column_text]<hgroup class=\"pixcode  pixcode--heading article__headline\">\n\t<h2 class=\"headline__secondary\"><span class=\"first-letter\">B<\/span>ienvenido a<\/h2>\n\t<h1 class=\"headline__primary\">Collegium<br \/>\nMusicum<\/h1>\n<\/hgroup>\n<h3 style=\"text-align: center\">\u00a1Celebramos nuestro 50 Aniversario!<\/h3>\n<p>Coro y Orquesta COLLEGIUM MUSICUM COSTA DEL SOL son una asociaci\u00f3n sin fines de lucro de cantantes y instrumentistas aficionados y profesionales. Damos la bienvenida a nuevos socios a cada momento y nuestra meta es de fomentar conocimientos y promocionar inter\u00e9s en m\u00fasica cl\u00e1sica entre nuestros socios tanto como entre audiencias diferentes en la Costa del Sol. Ofrecemos dos conciertos principales en la \u00e9poca de Navidad y a final de mayo.<\/p>\n<p style=\"text-align: center\"><img loading=\"lazy\" decoding=\"async\" class=\"size-full wp-image-1001 alignnone\" src=\"http:\/\/www.colmus.org\/wp-content\/uploads\/2018\/01\/collegium-logo.gif\" alt=\"\" width=\"173\" height=\"169\" \/><\/p>\n<p style=\"text-align: center\"><a  class=\"pixcode  pixcode--btn  btn  btn--text\" href=\"es\/conciertos\/\" >Conciertos<\/a>\n[\/vc_column_text][\/vc_column][vc_column width=\u00bb1\/2&#8243; css=\u00bb.vc_custom_1636210923814{margin-bottom: 0px !important;border-bottom-width: 0px !important;}\u00bb][vc_row_inner][vc_column_inner width=\u00bb1\/2&#8243;][vc_column_text]<a href=\"http:\/\/www.colmus.org\/wp-content\/uploads\/2018\/01\/mg_6581-copy-1.jpg\"><img loading=\"lazy\" decoding=\"async\" class=\"alignnone size-full wp-image-835\" src=\"http:\/\/www.colmus.org\/wp-content\/uploads\/2018\/01\/mg_6581-copy-1.jpg\" alt=\"\" width=\"1601\" height=\"1067\" \/><\/a>[\/vc_column_text][vc_column_text]<a href=\"http:\/\/www.colmus.org\/wp-content\/uploads\/2018\/01\/dsc_6885-copy.jpg\"><img loading=\"lazy\" decoding=\"async\" class=\"alignnone size-full wp-image-815\" src=\"http:\/\/www.colmus.org\/wp-content\/uploads\/2018\/01\/dsc_6885-copy.jpg\" alt=\"\" width=\"1607\" height=\"1067\" \/><\/a>[\/vc_column_text][vc_column_text]<a href=\"http:\/\/www.colmus.org\/wp-content\/uploads\/2018\/02\/mg_6807-copy.jpg\"><img loading=\"lazy\" decoding=\"async\" class=\"alignnone wp-image-1193 size-full\" src=\"http:\/\/www.colmus.org\/wp-content\/uploads\/2018\/02\/mg_6807-copy.jpg\" alt=\"\" width=\"1601\" height=\"1067\" \/><\/a>[\/vc_column_text][\/vc_column_inner][vc_column_inner width=\u00bb1\/2&#8243;][vc_column_text]<a href=\"http:\/\/www.colmus.org\/wp-content\/uploads\/2018\/01\/2-what-we-do.jpg\"><img loading=\"lazy\" decoding=\"async\" class=\"alignnone size-full wp-image-786\" src=\"http:\/\/www.colmus.org\/wp-content\/uploads\/2018\/01\/2-what-we-do.jpg\" alt=\"\" width=\"1601\" height=\"1067\" \/><\/a>[\/vc_column_text][vc_column_text]<a href=\"http:\/\/www.colmus.org\/wp-content\/uploads\/2018\/01\/mg_6641-copy.jpg\"><img loading=\"lazy\" decoding=\"async\" class=\"alignnone size-full wp-image-813\" src=\"http:\/\/www.colmus.org\/wp-content\/uploads\/2018\/01\/mg_6641-copy.jpg\" alt=\"\" width=\"1601\" height=\"1067\" \/><\/a>[\/vc_column_text][vc_column_text]<a href=\"http:\/\/www.colmus.org\/wp-content\/uploads\/2018\/02\/mg_6572-copy.jpg\"><img loading=\"lazy\" decoding=\"async\" class=\"alignnone wp-image-1242 size-full\" src=\"http:\/\/www.colmus.org\/wp-content\/uploads\/2018\/02\/mg_6572-copy.jpg\" alt=\"\" width=\"1900\" height=\"1267\" \/><\/a>[\/vc_column_text][\/vc_column_inner][\/vc_row_inner][\/vc_column][\/vc_row]\n","protected":false},"excerpt":{"rendered":"<p>[vc_row css=\u00bb.vc_custom_1636211201442{border-bottom-width: 0px !important;}\u00bb][vc_column width=\u00bb1\/2&#8243; el_class=\u00bbisland\u00bb][vc_column_text] \u00a1Celebramos nuestro 50 Aniversario! Coro y Orquesta COLLEGIUM MUSICUM COSTA DEL SOL son una asociaci\u00f3n sin fines de lucro de cantantes y instrumentistas aficionados y profesionales. Damos la bienvenida a nuevos socios a cada momento y nuestra meta es de fomentar conocimientos y promocionar inter\u00e9s en m\u00fasica cl\u00e1sica entre..<\/p>\n","protected":false},"author":1,"featured_media":32,"parent":0,"menu_order":0,"comment_status":"closed","ping_status":"closed","template":"","meta":{"_acf_changed":false,"footnotes":""},"class_list":["post-2","page","type-page","status-publish","has-post-thumbnail","hentry"],"acf":[],"_links":{"self":[{"href":"https:\/\/www.colmus.org\/es\/wp-json\/wp\/v2\/pages\/2","targetHints":{"allow":["GET"]}}],"collection":[{"href":"https:\/\/www.colmus.org\/es\/wp-json\/wp\/v2\/pages"}],"about":[{"href":"https:\/\/www.colmus.org\/es\/wp-json\/wp\/v2\/types\/page"}],"author":[{"embeddable":true,"href":"https:\/\/www.colmus.org\/es\/wp-json\/wp\/v2\/users\/1"}],"replies":[{"embeddable":true,"href":"https:\/\/www.colmus.org\/es\/wp-json\/wp\/v2\/comments?post=2"}],"version-history":[{"count":23,"href":"https:\/\/www.colmus.org\/es\/wp-json\/wp\/v2\/pages\/2\/revisions"}],"predecessor-version":[{"id":1145,"href":"https:\/\/www.colmus.org\/es\/wp-json\/wp\/v2\/pages\/2\/revisions\/1145"}],"wp:featuredmedia":[{"embeddable":true,"href":"https:\/\/www.colmus.org\/es\/wp-json\/wp\/v2\/media\/32"}],"wp:attachment":[{"href":"https:\/\/www.colmus.org\/es\/wp-json\/wp\/v2\/media?parent=2"}],"curies":[{"name":"wp","href":"https:\/\/api.w.org\/{rel}","templated":true}]}}