{"id":49,"date":"2018-04-27T14:10:11","date_gmt":"2018-04-27T13:10:11","guid":{"rendered":"http:\/\/www.colmus.org\/es\/?page_id=49"},"modified":"2023-09-01T20:02:42","modified_gmt":"2023-09-01T19:02:42","slug":"conciertos","status":"publish","type":"page","link":"https:\/\/www.colmus.org\/es\/conciertos\/","title":{"rendered":"Conciertos"},"content":{"rendered":"[vc_row][vc_column width=\u00bb1\/2&#8243;][vc_column_text]\n<h2>CONCIERTOS CL\u00c1SICOS<\/h2>\n<p style=\"text-align: justify\">Nuestros conciertos populares se celebran dos veces al a\u00f1o, a finales de mayo y en Navidad: una actuaci\u00f3n es siempre en Marbella y la otra en alg\u00fan lugar de la zona de Fuengirola\/Benalm\u00e1dena\/Mijas.<\/p>\n<p style=\"text-align: justify\">Como nuestros conciertos se dan principalmente en las iglesias esto, en gran medida, determina nuestro repertorio. Desde el 2011 de mayo los \u00abCamerata Singers\u00bb de Sotogrande se han unido a nosotros para los conciertos de primavera y hemos interpretado repertorios como \u00abMissa Cellensis\u00bb y \u00abTe Deum\u00bb de Haydn, la Messe di Gloria de Puccini, la Messe Solonnelle de Sainte Cecile de Gounod y el Te Deum y la Misa en Bb por Hummel.<\/p>\n<p style=\"text-align: justify\">Otras actuaciones recientes han incluido la m\u00fasica coral a gran escala del barroco como \u00abGloria\u00bb de Vivaldi, extractos de cantatas de J. S. Bach y \u00abOratorio de Navidad\u00bb y el \u00abMes\u00edas\u00bb de Haendel. La m\u00fasica de \u00e9poca cl\u00e1sica ha incluido la Misa de \u00abR\u00e9quiem\u00bb y \u00abCoronaci\u00f3n\u00bb de Mozart y hemos interpretado m\u00fasica rom\u00e1ntica como el \u00abHimno de alabanza\u00bb de Mendelssohn y varios de sus Salmos. En 2014 interpretamos el \u00abMagnificat\u00bb de John Rutter.<\/p>\n<p style=\"text-align: justify\">Tambi\u00e9n ofrecemos una plataforma para solistas instrumentales excepcionales (muchos de los cuales viven en esta regi\u00f3n) para presentarse en los conciertos; estos \u00faltimos a\u00f1os han incluido los conciertos de trompeta y de violonchelo de Haydn, el concierto para viol\u00edn de Mozart, el concierto para viol\u00edn de Bruch y el concierto para arpa de Haendel.<\/p>\n[\/vc_column_text][\/vc_column][vc_column width=\u00bb1\/2&#8243;][vc_column_text]\n<h2>otros eventos<\/h2>\n<p>Tambi\u00e9n estamos disponibles para cantar y tocar en otros eventos, tales como misas de celebraci\u00f3n, bodas, bautizos y funerales.<\/p>\n<p>Compromisos anteriores:<\/p>\n<p>En 2017 participamos en el concierto inaugural del primer Festival de m\u00fasica \u00absalida del sol\u00bb en el Hotel IPV Palace &amp; Spa de Fuengirola.<\/p>\n<p>En 2016 nos pidi\u00f3 la Iglesia de la Encarnaci\u00f3n en Marbella ofrecer la m\u00fasica en una misa muy especial el d\u00eda 19 de noviembre para la Hermandad de San L\u00e1zaro.<\/p>\n<p>Participamos en el \u00abpreg\u00f3n\u00bb de la semana Santa en Fuengirola y durante muchos a\u00f1os hemos participado en el servicio internacional de villancicos y lecturas en Marbella y San Pedro.<\/p>\n<p>proporcionar m\u00fasica en las ceremonias de bodas. Asistimos con la m\u00fasica durante ceremonia de boda en la Iglesia Encarnaci\u00f3n en Marbella.<\/p>\n<p>Para m\u00e1s informaci\u00f3n sobre c\u00f3mo podemos ayudarle por favor utilice nuestro formulario de <a href=\"http:\/\/www.colmus.org\/es\/contacto\/\" target=\"_blank\" rel=\"noopener\">contacto<\/a> o tel\u00e9fono.[\/vc_column_text][\/vc_column][\/vc_row]\n","protected":false},"excerpt":{"rendered":"<p>[vc_row][vc_column width=\u00bb1\/2&#8243;][vc_column_text] CONCIERTOS CL\u00c1SICOS Nuestros conciertos populares se celebran dos veces al a\u00f1o, a finales de mayo y en Navidad: una actuaci\u00f3n es siempre en Marbella y la otra en alg\u00fan lugar de la zona de Fuengirola\/Benalm\u00e1dena\/Mijas. Como nuestros conciertos se dan principalmente en las iglesias esto, en gran medida, determina nuestro repertorio. Desde el..<\/p>\n","protected":false},"author":1,"featured_media":50,"parent":0,"menu_order":5,"comment_status":"closed","ping_status":"closed","template":"","meta":{"_acf_changed":false,"footnotes":""},"class_list":["post-49","page","type-page","status-publish","has-post-thumbnail","hentry"],"acf":[],"_links":{"self":[{"href":"https:\/\/www.colmus.org\/es\/wp-json\/wp\/v2\/pages\/49","targetHints":{"allow":["GET"]}}],"collection":[{"href":"https:\/\/www.colmus.org\/es\/wp-json\/wp\/v2\/pages"}],"about":[{"href":"https:\/\/www.colmus.org\/es\/wp-json\/wp\/v2\/types\/page"}],"author":[{"embeddable":true,"href":"https:\/\/www.colmus.org\/es\/wp-json\/wp\/v2\/users\/1"}],"replies":[{"embeddable":true,"href":"https:\/\/www.colmus.org\/es\/wp-json\/wp\/v2\/comments?post=49"}],"version-history":[{"count":9,"href":"https:\/\/www.colmus.org\/es\/wp-json\/wp\/v2\/pages\/49\/revisions"}],"predecessor-version":[{"id":261,"href":"https:\/\/www.colmus.org\/es\/wp-json\/wp\/v2\/pages\/49\/revisions\/261"}],"wp:featuredmedia":[{"embeddable":true,"href":"https:\/\/www.colmus.org\/es\/wp-json\/wp\/v2\/media\/50"}],"wp:attachment":[{"href":"https:\/\/www.colmus.org\/es\/wp-json\/wp\/v2\/media?parent=49"}],"curies":[{"name":"wp","href":"https:\/\/api.w.org\/{rel}","templated":true}]}}